{"id":1360,"date":"2018-10-08T23:11:14","date_gmt":"2018-10-08T23:11:14","guid":{"rendered":"https:\/\/confer.nz\/anzmac2019\/?page_id=1360"},"modified":"2019-08-19T04:34:35","modified_gmt":"2019-08-19T04:34:35","slug":"kia-ora","status":"publish","type":"page","link":"https:\/\/confer.nz\/anzmac2019\/kia-ora\/","title":{"rendered":"Kia Ora!"},"content":{"rendered":"\n\t<h3>Learn some M\u0101ori phrases to use when meeting people.<\/h3>\n<p>&nbsp;<\/p>\n<strong>Greetings to one<\/strong><br \/>\nT\u0113n\u0101 koe (formal), Kia ora (informal)\n<strong>Greetings to two<\/strong><br \/>\nT\u0113n\u0101 k\u014drua (formal), Kia ora k\u014drua (informal)\n<strong>Greetings to three or more<\/strong><br \/>\nT\u0113n\u0101 koutou (formal), Kia ora koutou (informal)\n<strong>Greetings to a friend<\/strong><br \/>\nT\u0113n\u0101 koe e hoa (formal), Kia ora e hoa (informal)\n<strong>Good morning<\/strong><br \/>\nAta m\u0101rie (formal), m\u014drena (informal)\n<strong>Thanks<\/strong><br \/>\nKia ora\n<strong>Many thanks<\/strong><br \/>\nKia ora rawa atu\n<strong>Thanks<\/strong><br \/>\nNg\u0101 mihi\n<strong>Can I have a coffee<\/strong>, <strong>please?<\/strong><br \/>\nHe kawhe koa\n<strong>Sorry\/Apologies<\/strong><br \/>\nAroha mai\n<strong>All the best<\/strong><br \/>\nNoho ora mai\n<strong>See you tomorrow<\/strong><br \/>\nHei \u0101p\u014dp\u014d\n<p>&nbsp;<\/p>\n<p><strong><a href=\"https:\/\/www.victoria.ac.nz\/maori-at-victoria\/ako\/te-reo-at-victoria\/maori-greetings-and-phrases\" target=\"_blank\" rel=\"noopener noreferrer\">Click here<\/a><\/strong>\u00a0for more information on speaking and understanding some of the te reo M\u0101ori you may hear while visiting New Zealand.<\/p>\n","protected":false},"excerpt":{"rendered":"<p>Learn some M\u0101ori phrases to use when meeting people. &nbsp; Greetings to one T\u0113n\u0101 koe (formal), Kia ora (informal) Greetings to two T\u0113n\u0101 k\u014drua (formal), Kia ora k\u014drua (informal) Greetings to three or more T\u0113n\u0101 koutou (formal), Kia ora koutou (informal) Greetings to a friend T\u0113n\u0101 koe e hoa (formal), Kia ora e hoa (informal)&hellip;<\/p>\n","protected":false},"author":6,"featured_media":0,"parent":0,"menu_order":0,"comment_status":"closed","ping_status":"closed","template":"","meta":{"footnotes":""},"class_list":["post-1360","page","type-page","status-publish","hentry"],"aioseo_notices":[],"_links":{"self":[{"href":"https:\/\/confer.nz\/anzmac2019\/wp-json\/wp\/v2\/pages\/1360","targetHints":{"allow":["GET"]}}],"collection":[{"href":"https:\/\/confer.nz\/anzmac2019\/wp-json\/wp\/v2\/pages"}],"about":[{"href":"https:\/\/confer.nz\/anzmac2019\/wp-json\/wp\/v2\/types\/page"}],"author":[{"embeddable":true,"href":"https:\/\/confer.nz\/anzmac2019\/wp-json\/wp\/v2\/users\/6"}],"replies":[{"embeddable":true,"href":"https:\/\/confer.nz\/anzmac2019\/wp-json\/wp\/v2\/comments?post=1360"}],"version-history":[{"count":3,"href":"https:\/\/confer.nz\/anzmac2019\/wp-json\/wp\/v2\/pages\/1360\/revisions"}],"predecessor-version":[{"id":1869,"href":"https:\/\/confer.nz\/anzmac2019\/wp-json\/wp\/v2\/pages\/1360\/revisions\/1869"}],"wp:attachment":[{"href":"https:\/\/confer.nz\/anzmac2019\/wp-json\/wp\/v2\/media?parent=1360"}],"curies":[{"name":"wp","href":"https:\/\/api.w.org\/{rel}","templated":true}]}}